{"id":6949,"date":"2025-10-20T09:45:49","date_gmt":"2025-10-20T09:45:49","guid":{"rendered":"https:\/\/klein-curacao.nl\/?page_id=6949"},"modified":"2025-12-08T10:25:32","modified_gmt":"2025-12-08T10:25:32","slug":"contactgegevens","status":"publish","type":"page","link":"https:\/\/klein-curacao.nl\/es\/contactgegevens\/","title":{"rendered":"Datos de contacto"},"content":{"rendered":"<p><div id=\"overons\" class=\"fusion-container-anchor\"><div class=\"fusion-fullwidth fullwidth-box fusion-builder-row-1 fusion-flex-container has-pattern-background has-mask-background nonhundred-percent-fullwidth non-hundred-percent-height-scrolling fusion-animated\" style=\"--awb-background-position:left top;--awb-border-sizes-top:0px;--awb-border-sizes-bottom:0px;--awb-border-sizes-left:0px;--awb-border-sizes-right:0px;--awb-border-radius-top-left:0px;--awb-border-radius-top-right:0px;--awb-border-radius-bottom-right:0px;--awb-border-radius-bottom-left:0px;--awb-margin-top:120px;--awb-margin-bottom:120px;--awb-margin-bottom-medium:80px;--awb-margin-bottom-small:60px;--awb-flex-wrap:wrap;\" data-animationtype=\"fadeInUp\" data-animationduration=\"1.3\" data-animationoffset=\"top-into-view\" ><div class=\"fusion-builder-row fusion-row fusion-flex-align-items-stretch fusion-flex-justify-content-center fusion-flex-content-wrap\" style=\"max-width:1289.6px;margin-left: calc(-4% \/ 2 );margin-right: calc(-4% \/ 2 );\"><div class=\"fusion-layout-column fusion_builder_column fusion-builder-column-0 fusion_builder_column_1_2 1_2 fusion-flex-column fusion-flex-align-self-flex-start fusion-column-no-min-height\" style=\"--awb-bg-blend:overlay;--awb-bg-size:cover;--awb-width-large:50%;--awb-margin-top-large:0px;--awb-spacing-right-large:3.84%;--awb-margin-bottom-large:40px;--awb-spacing-left-large:3.84%;--awb-width-medium:80%;--awb-order-medium:0;--awb-spacing-right-medium:2.4%;--awb-spacing-left-medium:2.4%;--awb-width-small:100%;--awb-order-small:0;--awb-spacing-right-small:1.92%;--awb-spacing-left-small:1.92%;\" data-scroll-devices=\"small-visibility,medium-visibility,large-visibility\"><div class=\"fusion-column-wrapper fusion-column-has-shadow fusion-flex-justify-content-flex-start fusion-content-layout-column\"><div class=\"fusion-text fusion-text-1 fusion-text-no-margin\" style=\"--awb-content-alignment:left;--awb-font-size:3.1em;--awb-line-height:var(--awb-typography2-line-height);--awb-letter-spacing:var(--awb-typography2-letter-spacing);--awb-text-transform:var(--awb-typography2-text-transform);--awb-text-color:var(--awb-color4);--awb-margin-top:0px;--awb-margin-bottom:25px;--awb-text-font-family:&quot;Oswald&quot;;--awb-text-font-style:normal;--awb-text-font-weight:600;\"><p style=\"text-align: left;\">\u00bfQUI\u00c9NES SOMOS?<\/p>\n<\/div><div class=\"fusion-text fusion-text-2 fusion-text-no-margin\" style=\"--awb-content-alignment:left;--awb-margin-bottom:0px;\"><p><img decoding=\"async\" class=\"alignnone wp-image-5182\" src=\"https:\/\/klein-curacao.nl\/wp-content\/uploads\/2024\/01\/klein-curacao-logo-600.png\" alt=\"Klein Curacao\" width=\"200\" height=\"65\" srcset=\"https:\/\/klein-curacao.nl\/wp-content\/uploads\/2024\/01\/klein-curacao-logo-600-200x65.png 200w, https:\/\/klein-curacao.nl\/wp-content\/uploads\/2024\/01\/klein-curacao-logo-600-300x98.png 300w, https:\/\/klein-curacao.nl\/wp-content\/uploads\/2024\/01\/klein-curacao-logo-600-400x130.png 400w, https:\/\/klein-curacao.nl\/wp-content\/uploads\/2024\/01\/klein-curacao-logo-600.png 600w\" sizes=\"(max-width: 200px) 100vw, 200px\" \/><br \/>\nklein-curacao.nl forma parte de Caribbean Tours BV. Caribbean Tours es una agencia de viajes en l\u00ednea con una amplia gama de tours y excursiones en el Caribe. Desde su oficina en Curazao, Caribbean Tours ofrece la combinaci\u00f3n ideal de tours en las Islas ABC., <span style=\"color: #4cbfd2;\"><a style=\"color: #4cbfd2;\" href=\"https:\/\/caribbean-tours.nl\/activiteiten-aruba\/\" target=\"_blank\" rel=\"noopener\">Aruba<\/a><\/span>,\u00a0<span style=\"color: #4cbfd2;\"><a style=\"color: #4cbfd2;\" href=\"https:\/\/caribbean-tours.nl\/activiteiten-bonaire\/\" target=\"_blank\" rel=\"noopener\">Bonaire<\/a><\/span>\u00a0y\u00a0<span style=\"color: #4cbfd2;\"><a style=\"color: #4cbfd2;\" href=\"https:\/\/caribbean-tours.nl\/activiteiten-curacao\/\" target=\"_blank\" rel=\"noopener\">Curazao<\/a><\/span>\u00a0y en<span style=\"color: #4cbfd2;\">\u00a0<a style=\"color: #4cbfd2;\" href=\"https:\/\/caribbean-tours.nl\/activiteiten-sint-maarten\/\" target=\"_blank\" rel=\"noopener\">San Mart\u00edn<\/a><\/span>. Las reservas realizadas a trav\u00e9s de klein-curacao.nl son procesadas autom\u00e1ticamente por Caribbean Tours tras recibir el pago. Dado que Caribbean Tours est\u00e1 afiliado a ThuisWinkel Waarborg, usted est\u00e1 protegido como cliente y sabe que est\u00e1 tratando con sitios web confiables. Adem\u00e1s, Caribbean Tours ofrece la garant\u00eda del precio m\u00e1s bajo, as\u00ed que puede estar seguro de que nunca pagar\u00e1 de m\u00e1s. Si realiza una reserva a trav\u00e9s de klein-curacao.nl, se aplica lo siguiente: <span style=\"color: #4cbfd2;\"><a style=\"color: #4cbfd2;\" href=\"https:\/\/caribbean-tours.nl\/algemene-voorwaarden\/\" target=\"_blank\" rel=\"noopener\">t\u00e9rminos y condiciones generales<\/a> <\/span>y el<span style=\"color: #4cbfd2;\"> <a style=\"color: #4cbfd2;\" href=\"https:\/\/caribbean-tours.nl\/algemene-voorwaarden\/#voorwaarden\" target=\"_blank\" rel=\"noopener\">pol\u00edtica de privacidad<\/a><\/span> Se aplica la pol\u00edtica de tours por el Caribe.<\/p>\n<\/div><div class=\"fusion-text fusion-text-3 fusion-text-no-margin\" style=\"--awb-content-alignment:left;--awb-margin-top:20px;--awb-margin-bottom:0px;\"><p><strong>Klein-curacao.nl \/ Caribbean Tours BV<\/strong><br \/>\nKeizersgracht 391A<br \/>\n1016 EJ \u00c1msterdam<br \/>\nC\u00e1mara de Comercio 82876622<\/p>\n<\/div><\/div><\/div><div class=\"fusion-layout-column fusion_builder_column fusion-builder-column-1 fusion_builder_column_1_2 1_2 fusion-flex-column fusion-flex-align-self-flex-start fusion-column-no-min-height\" style=\"--awb-bg-blend:overlay;--awb-bg-size:cover;--awb-width-large:50%;--awb-margin-top-large:100px;--awb-spacing-right-large:3.84%;--awb-margin-bottom-large:40px;--awb-spacing-left-large:3.84%;--awb-width-medium:80%;--awb-order-medium:0;--awb-spacing-right-medium:2.4%;--awb-spacing-left-medium:2.4%;--awb-width-small:100%;--awb-order-small:0;--awb-spacing-right-small:1.92%;--awb-spacing-left-small:1.92%;\" data-scroll-devices=\"small-visibility,medium-visibility,large-visibility\"><div class=\"fusion-column-wrapper fusion-column-has-shadow fusion-flex-justify-content-flex-start fusion-content-layout-column\"><div class=\"fusion-text fusion-text-4 fusion-text-no-margin\" style=\"--awb-content-alignment:left;--awb-margin-bottom:0px;\"><p>Caribbean Tours, de la que forma parte klein-curacao.nl, es una empresa familiar holandesa dirigida por Marcel y Sean, padre e hijo, apasionados por los viajes y explorar el mundo. Adem\u00e1s de klein-curacao.nl y <a href=\"https:\/\/caribbean-tours.nl\/\" target=\"_blank\" rel=\"noopener\"><span style=\"color: #4cbfd2;\">caribbean-tours.nl<\/span><\/a> Tambi\u00e9n administran el sitio web. <span style=\"color: #4cbfd2;\"><a style=\"color: #4cbfd2;\" href=\"https:\/\/winter-tours.nl\/\" target=\"_blank\" rel=\"noopener\">tours de invierno.nl<\/a><\/span>, especialistas en tours y excursiones a destinos invernales como Islandia y Laponia. Marcel vive en Curazao y Sean en los Pa\u00edses Bajos, por lo que est\u00e1n disponibles las 24 horas para ayudarte a reservar los mejores tours en el Caribe y destinos invernales. Su filosof\u00eda es simple pero efectiva: ofrecer un servicio que te encantar\u00e1 experimentar. No es casualidad que Caribbean Tours &amp; Winter Tours est\u00e9 afiliado a\u00a0<span style=\"color: #4cbfd2;\"><a style=\"color: #4cbfd2;\" href=\"https:\/\/www.thuiswinkel.org\/leden\/caribbean-tours\/certificaat\/\" target=\"_blank\" rel=\"noopener\">Garant\u00eda de compra desde casa<\/a><\/span>. Los clientes pueden realizar sus compras en l\u00ednea con seguridad y confianza, respaldados por el excelente servicio brindado.<\/p>\n<\/div><\/div><\/div><\/div><\/div><\/div><div id=\"contact\" class=\"fusion-container-anchor\"><div class=\"fusion-fullwidth fullwidth-box fusion-builder-row-2 fusion-flex-container has-pattern-background has-mask-background nonhundred-percent-fullwidth non-hundred-percent-height-scrolling\" style=\"--awb-border-radius-top-left:0px;--awb-border-radius-top-right:0px;--awb-border-radius-bottom-right:0px;--awb-border-radius-bottom-left:0px;--awb-padding-top:30px;--awb-background-color:var(--awb-color2);--awb-flex-wrap:wrap;\" ><div class=\"fusion-builder-row fusion-row fusion-flex-align-items-flex-start fusion-flex-content-wrap\" style=\"max-width:1289.6px;margin-left: calc(-4% \/ 2 );margin-right: calc(-4% \/ 2 );\"><div class=\"fusion-layout-column fusion_builder_column fusion-builder-column-2 fusion_builder_column_1_1 1_1 fusion-flex-column\" style=\"--awb-bg-size:cover;--awb-width-large:100%;--awb-margin-top-large:30px;--awb-spacing-right-large:1.92%;--awb-margin-bottom-large:20px;--awb-spacing-left-large:1.92%;--awb-width-medium:100%;--awb-order-medium:0;--awb-spacing-right-medium:1.92%;--awb-spacing-left-medium:1.92%;--awb-width-small:100%;--awb-order-small:0;--awb-spacing-right-small:1.92%;--awb-spacing-left-small:1.92%;\" data-scroll-devices=\"small-visibility,medium-visibility,large-visibility\"><div class=\"fusion-column-wrapper fusion-column-has-shadow fusion-flex-justify-content-flex-start fusion-content-layout-column\"><div class=\"fusion-title title fusion-title-1 fusion-title-text fusion-title-size-three\" style=\"--awb-margin-top-small:0px;--awb-margin-bottom-small:20px;\"><div class=\"title-sep-container title-sep-container-left fusion-no-large-visibility fusion-no-medium-visibility fusion-no-small-visibility\"><div class=\"title-sep sep- sep-solid\" style=\"border-color:var(--awb-color3);\"><\/div><\/div><span class=\"awb-title-spacer fusion-no-large-visibility fusion-no-medium-visibility fusion-no-small-visibility\"><\/span><h3 class=\"fusion-title-heading title-heading-left fusion-responsive-typography-calculated\" style=\"margin:0;text-transform:capitalize;--fontSize:25;line-height:var(--awb-typography1-line-height);\">\u00bfTienes alguna pregunta?<\/h3><span class=\"awb-title-spacer\"><\/span><div class=\"title-sep-container title-sep-container-right\"><div class=\"title-sep sep- sep-solid\" style=\"border-color:var(--awb-color3);\"><\/div><\/div><\/div><div class=\"fusion-text fusion-text-5\"><p><small>P\u00f3ngase en contacto con el servicio de asistencia de Caribbean Tours<\/small><\/p>\n<\/div><\/div><\/div><div class=\"fusion-layout-column fusion_builder_column fusion-builder-column-3 fusion_builder_column_1_4 1_4 fusion-flex-column\" style=\"--awb-bg-size:cover;--awb-width-large:25%;--awb-margin-top-large:0px;--awb-spacing-right-large:7.68%;--awb-margin-bottom-large:20px;--awb-spacing-left-large:7.68%;--awb-width-medium:100%;--awb-order-medium:0;--awb-spacing-right-medium:1.92%;--awb-spacing-left-medium:1.92%;--awb-width-small:100%;--awb-order-small:0;--awb-spacing-right-small:1.92%;--awb-spacing-left-small:1.92%;\"><div class=\"fusion-column-wrapper fusion-column-has-shadow fusion-flex-justify-content-flex-start fusion-content-layout-column\"><div class=\"fusion-text fusion-text-6\"><p><strong>Preguntas frecuentes<\/strong><\/p>\n<p>Sobre muchas de sus preguntas <span style=\"color: #4cbfd2;\"><a style=\"color: #4cbfd2;\" href=\"https:\/\/caribbean-tours.nl\/veel-gestelde-vragen\/\" target=\"_blank\" rel=\"noopener\">puede consultarse aqu\u00ed<\/a><\/span> la respuesta.<\/p>\n<\/div><\/div><\/div><div class=\"fusion-layout-column fusion_builder_column fusion-builder-column-4 fusion_builder_column_1_4 1_4 fusion-flex-column\" style=\"--awb-bg-size:cover;--awb-width-large:25%;--awb-margin-top-large:0px;--awb-spacing-right-large:7.68%;--awb-margin-bottom-large:20px;--awb-spacing-left-large:7.68%;--awb-width-medium:100%;--awb-order-medium:0;--awb-spacing-right-medium:1.92%;--awb-spacing-left-medium:1.92%;--awb-width-small:100%;--awb-order-small:0;--awb-spacing-right-small:1.92%;--awb-spacing-left-small:1.92%;\"><div class=\"fusion-column-wrapper fusion-column-has-shadow fusion-flex-justify-content-flex-start fusion-content-layout-column\"><div class=\"fusion-text fusion-text-7\"><p><strong>Env\u00ede un correo al servicio de asistencia<\/strong><\/p>\n<p><span style=\"color: #4cbfd2;\"><a style=\"color: #4cbfd2;\" href=\"mailto:support@caribbean-tours.nl\">Enviar un e-mail<\/a><\/span> al servicio de asistencia. Recibir\u00e1s una respuesta en un plazo de 24 horas.<\/p>\n<\/div><\/div><\/div><div class=\"fusion-layout-column fusion_builder_column fusion-builder-column-5 fusion_builder_column_1_4 1_4 fusion-flex-column\" style=\"--awb-bg-size:cover;--awb-width-large:25%;--awb-margin-top-large:0px;--awb-spacing-right-large:7.68%;--awb-margin-bottom-large:20px;--awb-spacing-left-large:7.68%;--awb-width-medium:100%;--awb-order-medium:0;--awb-spacing-right-medium:1.92%;--awb-spacing-left-medium:1.92%;--awb-width-small:100%;--awb-order-small:0;--awb-spacing-right-small:1.92%;--awb-spacing-left-small:1.92%;\"><div class=\"fusion-column-wrapper fusion-column-has-shadow fusion-flex-justify-content-flex-start fusion-content-layout-column\"><div class=\"fusion-text fusion-text-8\"><p><strong>Whatsapp<\/strong><\/p>\n<p>P\u00f3ngase en contacto <a href=\"https:\/\/wa.me\/31638885394\"><span style=\"color: #4cbfd2;\">en WhatsApp<\/span><\/a> (+31-638885394). Nuestra l\u00ednea WhatsApp de informaci\u00f3n sobre viajes est\u00e1 disponible de lunes a viernes de 15:00 a 20:00 (zona horaria UTC +1\/+2).<\/p>\n<\/div><\/div><\/div><div class=\"fusion-layout-column fusion_builder_column fusion-builder-column-6 fusion_builder_column_1_4 1_4 fusion-flex-column\" style=\"--awb-bg-size:cover;--awb-width-large:25%;--awb-margin-top-large:0px;--awb-spacing-right-large:7.68%;--awb-margin-bottom-large:20px;--awb-spacing-left-large:7.68%;--awb-width-medium:100%;--awb-order-medium:0;--awb-spacing-right-medium:1.92%;--awb-spacing-left-medium:1.92%;--awb-width-small:100%;--awb-order-small:0;--awb-spacing-right-small:1.92%;--awb-spacing-left-small:1.92%;\"><div class=\"fusion-column-wrapper fusion-column-has-shadow fusion-flex-justify-content-flex-start fusion-content-layout-column\"><div class=\"fusion-text fusion-text-9\"><p><strong>Por tel\u00e9fono<\/strong><\/p>\n<p><span style=\"color: #4cbfd2;\"><strong>+31 20 \u2013 215 76 15 <\/strong><\/span>Por lo general, puede ponerse en contacto con nosotros por tel\u00e9fono* de lunes a viernes de 15:00 a 20:00 (zona horaria UTC +1\/+2).<\/p>\n<\/div><\/div><\/div><\/div><\/div><\/div><div class=\"fusion-fullwidth fullwidth-box fusion-builder-row-3 fusion-flex-container has-pattern-background has-mask-background nonhundred-percent-fullwidth non-hundred-percent-height-scrolling\" style=\"--awb-border-radius-top-left:0px;--awb-border-radius-top-right:0px;--awb-border-radius-bottom-right:0px;--awb-border-radius-bottom-left:0px;--awb-padding-bottom:40px;--awb-margin-top:0px;--awb-margin-bottom:0px;--awb-background-color:var(--awb-color2);--awb-flex-wrap:wrap;\" ><div class=\"fusion-builder-row fusion-row fusion-flex-align-items-flex-start fusion-flex-content-wrap\" style=\"max-width:1289.6px;margin-left: calc(-4% \/ 2 );margin-right: calc(-4% \/ 2 );\"><div class=\"fusion-layout-column fusion_builder_column fusion-builder-column-7 fusion_builder_column_1_4 1_4 fusion-flex-column fusion-no-small-visibility\" style=\"--awb-bg-size:cover;--awb-width-large:25%;--awb-margin-top-large:0px;--awb-spacing-right-large:7.68%;--awb-margin-bottom-large:20px;--awb-spacing-left-large:7.68%;--awb-width-medium:100%;--awb-order-medium:0;--awb-spacing-right-medium:1.92%;--awb-spacing-left-medium:1.92%;--awb-width-small:100%;--awb-order-small:0;--awb-spacing-right-small:1.92%;--awb-spacing-left-small:1.92%;\" data-scroll-devices=\"small-visibility,medium-visibility,large-visibility\"><div class=\"fusion-column-wrapper fusion-column-has-shadow fusion-flex-justify-content-flex-start fusion-content-layout-column\"><div ><a class=\"fusion-button button-flat fusion-button-default-size button-default fusion-button-default button-1 fusion-button-default-span fusion-button-default-type\" target=\"_blank\" rel=\"noopener noreferrer\" href=\"https:\/\/caribbean-tours.nl\/veel-gestelde-vragen\/\"><span class=\"fusion-button-text awb-button__text awb-button__text--default\">PREGUNTAS FRECUENTES<\/span><\/a><\/div><\/div><\/div><div class=\"fusion-layout-column fusion_builder_column fusion-builder-column-8 fusion_builder_column_1_4 1_4 fusion-flex-column fusion-no-small-visibility\" style=\"--awb-bg-size:cover;--awb-width-large:25%;--awb-margin-top-large:0px;--awb-spacing-right-large:7.68%;--awb-margin-bottom-large:20px;--awb-spacing-left-large:7.68%;--awb-width-medium:100%;--awb-order-medium:0;--awb-spacing-right-medium:1.92%;--awb-spacing-left-medium:1.92%;--awb-width-small:100%;--awb-order-small:0;--awb-spacing-right-small:1.92%;--awb-spacing-left-small:1.92%;\" data-scroll-devices=\"small-visibility,medium-visibility,large-visibility\"><div class=\"fusion-column-wrapper fusion-column-has-shadow fusion-flex-justify-content-flex-start fusion-content-layout-column\"><div ><a class=\"fusion-button button-flat fusion-button-default-size button-default fusion-button-default button-2 fusion-button-default-span fusion-button-default-type\" target=\"_blank\" rel=\"noopener noreferrer\" href=\"mailto: support@caribbean-tours.nl\"><span class=\"fusion-button-text awb-button__text awb-button__text--default\">Enviar correo electr\u00f3nico<\/span><\/a><\/div><\/div><\/div><div class=\"fusion-layout-column fusion_builder_column fusion-builder-column-9 fusion_builder_column_1_4 1_4 fusion-flex-column fusion-no-small-visibility\" style=\"--awb-bg-size:cover;--awb-width-large:25%;--awb-margin-top-large:0px;--awb-spacing-right-large:7.68%;--awb-margin-bottom-large:20px;--awb-spacing-left-large:7.68%;--awb-width-medium:100%;--awb-order-medium:0;--awb-spacing-right-medium:1.92%;--awb-spacing-left-medium:1.92%;--awb-width-small:100%;--awb-order-small:0;--awb-spacing-right-small:1.92%;--awb-spacing-left-small:1.92%;\" data-scroll-devices=\"small-visibility,medium-visibility,large-visibility\"><div class=\"fusion-column-wrapper fusion-column-has-shadow fusion-flex-justify-content-flex-start fusion-content-layout-column\"><div ><a class=\"fusion-button button-flat fusion-button-default-size button-default fusion-button-default button-3 fusion-button-default-span fusion-button-default-type\" target=\"_blank\" rel=\"noopener noreferrer\" href=\"https:\/\/wa.me\/31638885394\"><span class=\"fusion-button-text awb-button__text awb-button__text--default\">Abrir Whatsapp<\/span><\/a><\/div><\/div><\/div><div class=\"fusion-layout-column fusion_builder_column fusion-builder-column-10 fusion_builder_column_1_4 1_4 fusion-flex-column fusion-no-small-visibility\" style=\"--awb-bg-size:cover;--awb-width-large:25%;--awb-margin-top-large:0px;--awb-spacing-right-large:7.68%;--awb-margin-bottom-large:20px;--awb-spacing-left-large:7.68%;--awb-width-medium:100%;--awb-order-medium:0;--awb-spacing-right-medium:1.92%;--awb-spacing-left-medium:1.92%;--awb-width-small:100%;--awb-order-small:0;--awb-spacing-right-small:1.92%;--awb-spacing-left-small:1.92%;\" data-scroll-devices=\"small-visibility,medium-visibility,large-visibility\"><div class=\"fusion-column-wrapper fusion-column-has-shadow fusion-flex-justify-content-flex-start fusion-content-layout-column\"><\/div><\/div><div class=\"fusion-layout-column fusion_builder_column fusion-builder-column-11 fusion_builder_column_1_1 1_1 fusion-flex-column\" style=\"--awb-bg-size:cover;--awb-width-large:100%;--awb-margin-top-large:0px;--awb-spacing-right-large:1.92%;--awb-margin-bottom-large:0px;--awb-spacing-left-large:1.92%;--awb-width-medium:100%;--awb-order-medium:0;--awb-spacing-right-medium:1.92%;--awb-spacing-left-medium:1.92%;--awb-width-small:100%;--awb-order-small:0;--awb-spacing-right-small:1.92%;--awb-spacing-left-small:1.92%;\" data-scroll-devices=\"small-visibility,medium-visibility,large-visibility\"><div class=\"fusion-column-wrapper fusion-column-has-shadow fusion-flex-justify-content-flex-start fusion-content-layout-column\"><div class=\"fusion-text fusion-text-10\"><p style=\"text-align: center;\"><small>*Caribbean Tours es una empresa online y opera en diferentes zonas horarias. Por ello, no siempre es posible ponerse en contacto con ellos por tel\u00e9fono. Por favor, utilice una de las otras opciones de contacto en caso de no obtener respuesta. Por lo general, responden a su mensaje en un plazo de 24 horas. <\/small><small><\/small><small>\u00bfHay urgencia in situ? Si es as\u00ed, p\u00f3ngase en contacto directamente con el operador tur\u00edstico ejecutor. Encontrar\u00e1 estos datos de contacto en el correo electr\u00f3nico de confirmaci\u00f3n de la reserva o en el bono\/billete que ha recibido.<\/small><\/p>\n<\/div><\/div><\/div><\/div><\/div><\/p>","protected":false},"excerpt":{"rendered":"","protected":false},"author":1,"featured_media":5339,"parent":0,"menu_order":0,"comment_status":"closed","ping_status":"closed","template":"100-width.php","meta":{"footnotes":""},"class_list":["post-6949","page","type-page","status-publish","has-post-thumbnail","hentry"],"_links":{"self":[{"href":"https:\/\/klein-curacao.nl\/es\/wp-json\/wp\/v2\/pages\/6949","targetHints":{"allow":["GET"]}}],"collection":[{"href":"https:\/\/klein-curacao.nl\/es\/wp-json\/wp\/v2\/pages"}],"about":[{"href":"https:\/\/klein-curacao.nl\/es\/wp-json\/wp\/v2\/types\/page"}],"author":[{"embeddable":true,"href":"https:\/\/klein-curacao.nl\/es\/wp-json\/wp\/v2\/users\/1"}],"replies":[{"embeddable":true,"href":"https:\/\/klein-curacao.nl\/es\/wp-json\/wp\/v2\/comments?post=6949"}],"version-history":[{"count":1,"href":"https:\/\/klein-curacao.nl\/es\/wp-json\/wp\/v2\/pages\/6949\/revisions"}],"predecessor-version":[{"id":7820,"href":"https:\/\/klein-curacao.nl\/es\/wp-json\/wp\/v2\/pages\/6949\/revisions\/7820"}],"wp:featuredmedia":[{"embeddable":true,"href":"https:\/\/klein-curacao.nl\/es\/wp-json\/wp\/v2\/media\/5339"}],"wp:attachment":[{"href":"https:\/\/klein-curacao.nl\/es\/wp-json\/wp\/v2\/media?parent=6949"}],"curies":[{"name":"wp","href":"https:\/\/api.w.org\/{rel}","templated":true}]}}