{"id":6949,"date":"2025-10-20T09:45:49","date_gmt":"2025-10-20T09:45:49","guid":{"rendered":"https:\/\/klein-curacao.nl\/?page_id=6949"},"modified":"2025-12-08T10:25:32","modified_gmt":"2025-12-08T10:25:32","slug":"contactgegevens","status":"publish","type":"page","link":"https:\/\/klein-curacao.nl\/de\/contactgegevens\/","title":{"rendered":"Kontaktdaten"},"content":{"rendered":"<p><div id=\"overons\" class=\"fusion-container-anchor\"><div class=\"fusion-fullwidth fullwidth-box fusion-builder-row-1 fusion-flex-container has-pattern-background has-mask-background nonhundred-percent-fullwidth non-hundred-percent-height-scrolling fusion-animated\" style=\"--awb-background-position:left top;--awb-border-sizes-top:0px;--awb-border-sizes-bottom:0px;--awb-border-sizes-left:0px;--awb-border-sizes-right:0px;--awb-border-radius-top-left:0px;--awb-border-radius-top-right:0px;--awb-border-radius-bottom-right:0px;--awb-border-radius-bottom-left:0px;--awb-margin-top:120px;--awb-margin-bottom:120px;--awb-margin-bottom-medium:80px;--awb-margin-bottom-small:60px;--awb-flex-wrap:wrap;\" data-animationtype=\"fadeInUp\" data-animationduration=\"1.3\" data-animationoffset=\"top-into-view\" ><div class=\"fusion-builder-row fusion-row fusion-flex-align-items-stretch fusion-flex-justify-content-center fusion-flex-content-wrap\" style=\"max-width:1289.6px;margin-left: calc(-4% \/ 2 );margin-right: calc(-4% \/ 2 );\"><div class=\"fusion-layout-column fusion_builder_column fusion-builder-column-0 fusion_builder_column_1_2 1_2 fusion-flex-column fusion-flex-align-self-flex-start fusion-column-no-min-height\" style=\"--awb-bg-blend:overlay;--awb-bg-size:cover;--awb-width-large:50%;--awb-margin-top-large:0px;--awb-spacing-right-large:3.84%;--awb-margin-bottom-large:40px;--awb-spacing-left-large:3.84%;--awb-width-medium:80%;--awb-order-medium:0;--awb-spacing-right-medium:2.4%;--awb-spacing-left-medium:2.4%;--awb-width-small:100%;--awb-order-small:0;--awb-spacing-right-small:1.92%;--awb-spacing-left-small:1.92%;\" data-scroll-devices=\"small-visibility,medium-visibility,large-visibility\"><div class=\"fusion-column-wrapper fusion-column-has-shadow fusion-flex-justify-content-flex-start fusion-content-layout-column\"><div class=\"fusion-text fusion-text-1 fusion-text-no-margin\" style=\"--awb-content-alignment:left;--awb-font-size:3.1em;--awb-line-height:var(--awb-typography2-line-height);--awb-letter-spacing:var(--awb-typography2-letter-spacing);--awb-text-transform:var(--awb-typography2-text-transform);--awb-text-color:var(--awb-color4);--awb-margin-top:0px;--awb-margin-bottom:25px;--awb-text-font-family:&quot;Oswald&quot;;--awb-text-font-style:normal;--awb-text-font-weight:600;\"><p style=\"text-align: left;\">WER SIND WIR?<\/p>\n<\/div><div class=\"fusion-text fusion-text-2 fusion-text-no-margin\" style=\"--awb-content-alignment:left;--awb-margin-bottom:0px;\"><p><img decoding=\"async\" class=\"alignnone wp-image-5182\" src=\"https:\/\/klein-curacao.nl\/wp-content\/uploads\/2024\/01\/klein-curacao-logo-600.png\" alt=\"Klein Curacao\" width=\"200\" height=\"65\" srcset=\"https:\/\/klein-curacao.nl\/wp-content\/uploads\/2024\/01\/klein-curacao-logo-600-200x65.png 200w, https:\/\/klein-curacao.nl\/wp-content\/uploads\/2024\/01\/klein-curacao-logo-600-300x98.png 300w, https:\/\/klein-curacao.nl\/wp-content\/uploads\/2024\/01\/klein-curacao-logo-600-400x130.png 400w, https:\/\/klein-curacao.nl\/wp-content\/uploads\/2024\/01\/klein-curacao-logo-600.png 600w\" sizes=\"(max-width: 200px) 100vw, 200px\" \/><br \/>\nklein-curacao.nl ist Teil von Caribbean Tours BV. Caribbean Tours ist ein Online-Reiseb\u00fcro mit einem breiten Angebot an Touren und Ausfl\u00fcgen in der Karibik. Von seinem B\u00fcro in Cura\u00e7ao aus bietet Caribbean Tours die optimale Mischung an Touren auf den ABC-Inseln an., <span style=\"color: #4cbfd2;\"><a style=\"color: #4cbfd2;\" href=\"https:\/\/caribbean-tours.nl\/activiteiten-aruba\/\" target=\"_blank\" rel=\"noopener\">Aruba<\/a><\/span>,\u00a0<span style=\"color: #4cbfd2;\"><a style=\"color: #4cbfd2;\" href=\"https:\/\/caribbean-tours.nl\/activiteiten-bonaire\/\" target=\"_blank\" rel=\"noopener\">Bonaire<\/a><\/span>\u00a0und\u00a0<span style=\"color: #4cbfd2;\"><a style=\"color: #4cbfd2;\" href=\"https:\/\/caribbean-tours.nl\/activiteiten-curacao\/\" target=\"_blank\" rel=\"noopener\">Cura\u00e7ao<\/a><\/span>\u00a0und an<span style=\"color: #4cbfd2;\">\u00a0<a style=\"color: #4cbfd2;\" href=\"https:\/\/caribbean-tours.nl\/activiteiten-sint-maarten\/\" target=\"_blank\" rel=\"noopener\">Saint Martin<\/a><\/span>. Buchungen \u00fcber klein-curacao.nl werden nach Zahlungseingang automatisch von Caribbean Tours bearbeitet. Da Caribbean Tours mit ThuisWinkel Waarborg verbunden ist, genie\u00dfen Sie als Kunde Schutz und k\u00f6nnen sich darauf verlassen, dass Sie es mit einer zuverl\u00e4ssigen Website zu tun haben. Dar\u00fcber hinaus bietet Caribbean Tours eine Tiefstpreisgarantie, sodass Sie sicher sein k\u00f6nnen, nie zu viel zu bezahlen. Bei Buchungen \u00fcber klein-curacao.nl gilt Folgendes: <span style=\"color: #4cbfd2;\"><a style=\"color: #4cbfd2;\" href=\"https:\/\/caribbean-tours.nl\/algemene-voorwaarden\/\" target=\"_blank\" rel=\"noopener\">Allgemeine Gesch\u00e4ftsbedingungen<\/a> <\/span>und die<span style=\"color: #4cbfd2;\"> <a style=\"color: #4cbfd2;\" href=\"https:\/\/caribbean-tours.nl\/algemene-voorwaarden\/#voorwaarden\" target=\"_blank\" rel=\"noopener\">Datenschutzrichtlinie<\/a><\/span> Es gelten die Bestimmungen von Caribbean Tours.<\/p>\n<\/div><div class=\"fusion-text fusion-text-3 fusion-text-no-margin\" style=\"--awb-content-alignment:left;--awb-margin-top:20px;--awb-margin-bottom:0px;\"><p><strong>Klein-curacao.nl \/ Caribbean Tours BV<\/strong><br \/>\nKeizersgracht 391A<br \/>\n1016 EJ Amsterdam<br \/>\nHandelskammer 82876622<\/p>\n<\/div><\/div><\/div><div class=\"fusion-layout-column fusion_builder_column fusion-builder-column-1 fusion_builder_column_1_2 1_2 fusion-flex-column fusion-flex-align-self-flex-start fusion-column-no-min-height\" style=\"--awb-bg-blend:overlay;--awb-bg-size:cover;--awb-width-large:50%;--awb-margin-top-large:100px;--awb-spacing-right-large:3.84%;--awb-margin-bottom-large:40px;--awb-spacing-left-large:3.84%;--awb-width-medium:80%;--awb-order-medium:0;--awb-spacing-right-medium:2.4%;--awb-spacing-left-medium:2.4%;--awb-width-small:100%;--awb-order-small:0;--awb-spacing-right-small:1.92%;--awb-spacing-left-small:1.92%;\" data-scroll-devices=\"small-visibility,medium-visibility,large-visibility\"><div class=\"fusion-column-wrapper fusion-column-has-shadow fusion-flex-justify-content-flex-start fusion-content-layout-column\"><div class=\"fusion-text fusion-text-4 fusion-text-no-margin\" style=\"--awb-content-alignment:left;--awb-margin-bottom:0px;\"><p>Caribbean Tours, zu dem klein-curacao.nl geh\u00f6rt, ist ein niederl\u00e4ndisches Familienunternehmen, das von Marcel und Sean, Vater und Sohn, gef\u00fchrt wird. Beide sind begeisterte Reisende und Entdecker der Welt. Neben klein-curacao.nl und <a href=\"https:\/\/caribbean-tours.nl\/\" target=\"_blank\" rel=\"noopener\"><span style=\"color: #4cbfd2;\">caribbean-tours.nl<\/span><\/a> Sie betreiben auch die Website <span style=\"color: #4cbfd2;\"><a style=\"color: #4cbfd2;\" href=\"https:\/\/winter-tours.nl\/\" target=\"_blank\" rel=\"noopener\">winter-tours.nl<\/a><\/span>, Caribbean Tours &amp; Winter Tours ist der Spezialist f\u00fcr Touren und Ausfl\u00fcge in Winterdestinationen wie Island und Lappland. Marcel lebt auf Cura\u00e7ao und Sean in den Niederlanden, wodurch sie fast rund um die Uhr erreichbar sind, um Ihnen bei der Buchung der besten Touren in der Karibik und anderen Winterdestinationen zu helfen. Ihre Philosophie ist einfach, aber wirkungsvoll: Sie bieten einen Service, den Sie selbst erleben m\u00f6chten. Es ist kein Zufall, dass Caribbean Tours &amp; Winter Tours mit [Name des Unternehmens\/der Organisation] verbunden ist.\u00a0<span style=\"color: #4cbfd2;\"><a style=\"color: #4cbfd2;\" href=\"https:\/\/www.thuiswinkel.org\/leden\/caribbean-tours\/certificaat\/\" target=\"_blank\" rel=\"noopener\">Home-Shopping-Garantie<\/a><\/span>. Dank des hervorragenden Kundenservices k\u00f6nnen Kunden ihre Online-Eink\u00e4ufe sicher und vertrauensvoll t\u00e4tigen.<\/p>\n<\/div><\/div><\/div><\/div><\/div><\/div><div id=\"contact\" class=\"fusion-container-anchor\"><div class=\"fusion-fullwidth fullwidth-box fusion-builder-row-2 fusion-flex-container has-pattern-background has-mask-background nonhundred-percent-fullwidth non-hundred-percent-height-scrolling\" style=\"--awb-border-radius-top-left:0px;--awb-border-radius-top-right:0px;--awb-border-radius-bottom-right:0px;--awb-border-radius-bottom-left:0px;--awb-padding-top:30px;--awb-background-color:var(--awb-color2);--awb-flex-wrap:wrap;\" ><div class=\"fusion-builder-row fusion-row fusion-flex-align-items-flex-start fusion-flex-content-wrap\" style=\"max-width:1289.6px;margin-left: calc(-4% \/ 2 );margin-right: calc(-4% \/ 2 );\"><div class=\"fusion-layout-column fusion_builder_column fusion-builder-column-2 fusion_builder_column_1_1 1_1 fusion-flex-column\" style=\"--awb-bg-size:cover;--awb-width-large:100%;--awb-margin-top-large:30px;--awb-spacing-right-large:1.92%;--awb-margin-bottom-large:20px;--awb-spacing-left-large:1.92%;--awb-width-medium:100%;--awb-order-medium:0;--awb-spacing-right-medium:1.92%;--awb-spacing-left-medium:1.92%;--awb-width-small:100%;--awb-order-small:0;--awb-spacing-right-small:1.92%;--awb-spacing-left-small:1.92%;\" data-scroll-devices=\"small-visibility,medium-visibility,large-visibility\"><div class=\"fusion-column-wrapper fusion-column-has-shadow fusion-flex-justify-content-flex-start fusion-content-layout-column\"><div class=\"fusion-title title fusion-title-1 fusion-title-text fusion-title-size-three\" style=\"--awb-margin-top-small:0px;--awb-margin-bottom-small:20px;\"><div class=\"title-sep-container title-sep-container-left fusion-no-large-visibility fusion-no-medium-visibility fusion-no-small-visibility\"><div class=\"title-sep sep- sep-solid\" style=\"border-color:var(--awb-color3);\"><\/div><\/div><span class=\"awb-title-spacer fusion-no-large-visibility fusion-no-medium-visibility fusion-no-small-visibility\"><\/span><h3 class=\"fusion-title-heading title-heading-left fusion-responsive-typography-calculated\" style=\"margin:0;text-transform:capitalize;--fontSize:25;line-height:var(--awb-typography1-line-height);\">Haben Sie noch Fragen?<\/h3><span class=\"awb-title-spacer\"><\/span><div class=\"title-sep-container title-sep-container-right\"><div class=\"title-sep sep- sep-solid\" style=\"border-color:var(--awb-color3);\"><\/div><\/div><\/div><div class=\"fusion-text fusion-text-5\"><p><small>Kontaktieren Sie den Support von Caribbean Tours<\/small><\/p>\n<\/div><\/div><\/div><div class=\"fusion-layout-column fusion_builder_column fusion-builder-column-3 fusion_builder_column_1_4 1_4 fusion-flex-column\" style=\"--awb-bg-size:cover;--awb-width-large:25%;--awb-margin-top-large:0px;--awb-spacing-right-large:7.68%;--awb-margin-bottom-large:20px;--awb-spacing-left-large:7.68%;--awb-width-medium:100%;--awb-order-medium:0;--awb-spacing-right-medium:1.92%;--awb-spacing-left-medium:1.92%;--awb-width-small:100%;--awb-order-small:0;--awb-spacing-right-small:1.92%;--awb-spacing-left-small:1.92%;\"><div class=\"fusion-column-wrapper fusion-column-has-shadow fusion-flex-justify-content-flex-start fusion-content-layout-column\"><div class=\"fusion-text fusion-text-6\"><p><strong>H\u00e4ufig gestellte Fragen<\/strong><\/p>\n<p>Zu vielen Ihrer Fragen <span style=\"color: #4cbfd2;\"><a style=\"color: #4cbfd2;\" href=\"https:\/\/caribbean-tours.nl\/veel-gestelde-vragen\/\" target=\"_blank\" rel=\"noopener\">k\u00f6nnen hier gefunden werden<\/a><\/span> die Antwort.<\/p>\n<\/div><\/div><\/div><div class=\"fusion-layout-column fusion_builder_column fusion-builder-column-4 fusion_builder_column_1_4 1_4 fusion-flex-column\" style=\"--awb-bg-size:cover;--awb-width-large:25%;--awb-margin-top-large:0px;--awb-spacing-right-large:7.68%;--awb-margin-bottom-large:20px;--awb-spacing-left-large:7.68%;--awb-width-medium:100%;--awb-order-medium:0;--awb-spacing-right-medium:1.92%;--awb-spacing-left-medium:1.92%;--awb-width-small:100%;--awb-order-small:0;--awb-spacing-right-small:1.92%;--awb-spacing-left-small:1.92%;\"><div class=\"fusion-column-wrapper fusion-column-has-shadow fusion-flex-justify-content-flex-start fusion-content-layout-column\"><div class=\"fusion-text fusion-text-7\"><p><strong>Mail an den Support Desk<\/strong><\/p>\n<p><span style=\"color: #4cbfd2;\"><a style=\"color: #4cbfd2;\" href=\"mailto:support@caribbean-tours.nl\">Senden Sie eine E-Mail<\/a><\/span> an den Support Desk. Sie werden innerhalb von 24 Stunden eine Antwort erhalten.<\/p>\n<\/div><\/div><\/div><div class=\"fusion-layout-column fusion_builder_column fusion-builder-column-5 fusion_builder_column_1_4 1_4 fusion-flex-column\" style=\"--awb-bg-size:cover;--awb-width-large:25%;--awb-margin-top-large:0px;--awb-spacing-right-large:7.68%;--awb-margin-bottom-large:20px;--awb-spacing-left-large:7.68%;--awb-width-medium:100%;--awb-order-medium:0;--awb-spacing-right-medium:1.92%;--awb-spacing-left-medium:1.92%;--awb-width-small:100%;--awb-order-small:0;--awb-spacing-right-small:1.92%;--awb-spacing-left-small:1.92%;\"><div class=\"fusion-column-wrapper fusion-column-has-shadow fusion-flex-justify-content-flex-start fusion-content-layout-column\"><div class=\"fusion-text fusion-text-8\"><p><strong>Whatsapp<\/strong><\/p>\n<p>Kontakt aufnehmen <a href=\"https:\/\/wa.me\/31638885394\"><span style=\"color: #4cbfd2;\">auf WhatsApp<\/span><\/a> (+31-638885394). Unsere WhatsApp-Reiseinfo ist von Mo bis Fr von 15:00 - 20:00 Uhr erreichbar (Zeitzone UTC +1\/+2).<\/p>\n<\/div><\/div><\/div><div class=\"fusion-layout-column fusion_builder_column fusion-builder-column-6 fusion_builder_column_1_4 1_4 fusion-flex-column\" style=\"--awb-bg-size:cover;--awb-width-large:25%;--awb-margin-top-large:0px;--awb-spacing-right-large:7.68%;--awb-margin-bottom-large:20px;--awb-spacing-left-large:7.68%;--awb-width-medium:100%;--awb-order-medium:0;--awb-spacing-right-medium:1.92%;--awb-spacing-left-medium:1.92%;--awb-width-small:100%;--awb-order-small:0;--awb-spacing-right-small:1.92%;--awb-spacing-left-small:1.92%;\"><div class=\"fusion-column-wrapper fusion-column-has-shadow fusion-flex-justify-content-flex-start fusion-content-layout-column\"><div class=\"fusion-text fusion-text-9\"><p><strong>Per Telefon<\/strong><\/p>\n<p><span style=\"color: #4cbfd2;\"><strong>+31 20 \u2013 215 76 15 <\/strong><\/span>Telefonisch erreichen Sie uns in der Regel* von Mo bis Fr von 15:00 - 20:00 Uhr (Zeitzone UTC +1\/+2).<\/p>\n<\/div><\/div><\/div><\/div><\/div><\/div><div class=\"fusion-fullwidth fullwidth-box fusion-builder-row-3 fusion-flex-container has-pattern-background has-mask-background nonhundred-percent-fullwidth non-hundred-percent-height-scrolling\" style=\"--awb-border-radius-top-left:0px;--awb-border-radius-top-right:0px;--awb-border-radius-bottom-right:0px;--awb-border-radius-bottom-left:0px;--awb-padding-bottom:40px;--awb-margin-top:0px;--awb-margin-bottom:0px;--awb-background-color:var(--awb-color2);--awb-flex-wrap:wrap;\" ><div class=\"fusion-builder-row fusion-row fusion-flex-align-items-flex-start fusion-flex-content-wrap\" style=\"max-width:1289.6px;margin-left: calc(-4% \/ 2 );margin-right: calc(-4% \/ 2 );\"><div class=\"fusion-layout-column fusion_builder_column fusion-builder-column-7 fusion_builder_column_1_4 1_4 fusion-flex-column fusion-no-small-visibility\" style=\"--awb-bg-size:cover;--awb-width-large:25%;--awb-margin-top-large:0px;--awb-spacing-right-large:7.68%;--awb-margin-bottom-large:20px;--awb-spacing-left-large:7.68%;--awb-width-medium:100%;--awb-order-medium:0;--awb-spacing-right-medium:1.92%;--awb-spacing-left-medium:1.92%;--awb-width-small:100%;--awb-order-small:0;--awb-spacing-right-small:1.92%;--awb-spacing-left-small:1.92%;\" data-scroll-devices=\"small-visibility,medium-visibility,large-visibility\"><div class=\"fusion-column-wrapper fusion-column-has-shadow fusion-flex-justify-content-flex-start fusion-content-layout-column\"><div ><a class=\"fusion-button button-flat fusion-button-default-size button-default fusion-button-default button-1 fusion-button-default-span fusion-button-default-type\" target=\"_blank\" rel=\"noopener noreferrer\" href=\"https:\/\/caribbean-tours.nl\/veel-gestelde-vragen\/\"><span class=\"fusion-button-text awb-button__text awb-button__text--default\">F.A.Q.<\/span><\/a><\/div><\/div><\/div><div class=\"fusion-layout-column fusion_builder_column fusion-builder-column-8 fusion_builder_column_1_4 1_4 fusion-flex-column fusion-no-small-visibility\" style=\"--awb-bg-size:cover;--awb-width-large:25%;--awb-margin-top-large:0px;--awb-spacing-right-large:7.68%;--awb-margin-bottom-large:20px;--awb-spacing-left-large:7.68%;--awb-width-medium:100%;--awb-order-medium:0;--awb-spacing-right-medium:1.92%;--awb-spacing-left-medium:1.92%;--awb-width-small:100%;--awb-order-small:0;--awb-spacing-right-small:1.92%;--awb-spacing-left-small:1.92%;\" data-scroll-devices=\"small-visibility,medium-visibility,large-visibility\"><div class=\"fusion-column-wrapper fusion-column-has-shadow fusion-flex-justify-content-flex-start fusion-content-layout-column\"><div ><a class=\"fusion-button button-flat fusion-button-default-size button-default fusion-button-default button-2 fusion-button-default-span fusion-button-default-type\" target=\"_blank\" rel=\"noopener noreferrer\" href=\"mailto: support@caribbean-tours.nl\"><span class=\"fusion-button-text awb-button__text awb-button__text--default\">E-Mail senden<\/span><\/a><\/div><\/div><\/div><div class=\"fusion-layout-column fusion_builder_column fusion-builder-column-9 fusion_builder_column_1_4 1_4 fusion-flex-column fusion-no-small-visibility\" style=\"--awb-bg-size:cover;--awb-width-large:25%;--awb-margin-top-large:0px;--awb-spacing-right-large:7.68%;--awb-margin-bottom-large:20px;--awb-spacing-left-large:7.68%;--awb-width-medium:100%;--awb-order-medium:0;--awb-spacing-right-medium:1.92%;--awb-spacing-left-medium:1.92%;--awb-width-small:100%;--awb-order-small:0;--awb-spacing-right-small:1.92%;--awb-spacing-left-small:1.92%;\" data-scroll-devices=\"small-visibility,medium-visibility,large-visibility\"><div class=\"fusion-column-wrapper fusion-column-has-shadow fusion-flex-justify-content-flex-start fusion-content-layout-column\"><div ><a class=\"fusion-button button-flat fusion-button-default-size button-default fusion-button-default button-3 fusion-button-default-span fusion-button-default-type\" target=\"_blank\" rel=\"noopener noreferrer\" href=\"https:\/\/wa.me\/31638885394\"><span class=\"fusion-button-text awb-button__text awb-button__text--default\">Whatsapp \u00f6ffnen<\/span><\/a><\/div><\/div><\/div><div class=\"fusion-layout-column fusion_builder_column fusion-builder-column-10 fusion_builder_column_1_4 1_4 fusion-flex-column fusion-no-small-visibility\" style=\"--awb-bg-size:cover;--awb-width-large:25%;--awb-margin-top-large:0px;--awb-spacing-right-large:7.68%;--awb-margin-bottom-large:20px;--awb-spacing-left-large:7.68%;--awb-width-medium:100%;--awb-order-medium:0;--awb-spacing-right-medium:1.92%;--awb-spacing-left-medium:1.92%;--awb-width-small:100%;--awb-order-small:0;--awb-spacing-right-small:1.92%;--awb-spacing-left-small:1.92%;\" data-scroll-devices=\"small-visibility,medium-visibility,large-visibility\"><div class=\"fusion-column-wrapper fusion-column-has-shadow fusion-flex-justify-content-flex-start fusion-content-layout-column\"><\/div><\/div><div class=\"fusion-layout-column fusion_builder_column fusion-builder-column-11 fusion_builder_column_1_1 1_1 fusion-flex-column\" style=\"--awb-bg-size:cover;--awb-width-large:100%;--awb-margin-top-large:0px;--awb-spacing-right-large:1.92%;--awb-margin-bottom-large:0px;--awb-spacing-left-large:1.92%;--awb-width-medium:100%;--awb-order-medium:0;--awb-spacing-right-medium:1.92%;--awb-spacing-left-medium:1.92%;--awb-width-small:100%;--awb-order-small:0;--awb-spacing-right-small:1.92%;--awb-spacing-left-small:1.92%;\" data-scroll-devices=\"small-visibility,medium-visibility,large-visibility\"><div class=\"fusion-column-wrapper fusion-column-has-shadow fusion-flex-justify-content-flex-start fusion-content-layout-column\"><div class=\"fusion-text fusion-text-10\"><p style=\"text-align: center;\"><small>*Caribbean Tours ist ein Online-Unternehmen und arbeitet in verschiedenen Zeitzonen. Daher sind sie nicht immer telefonisch erreichbar. Bitte nutzen Sie eine der anderen Kontaktm\u00f6glichkeiten, falls Sie keine Antwort erhalten. In der Regel antworten sie innerhalb von 24 Stunden auf Ihre Nachricht! <\/small><small><\/small><small>Besteht vor Ort Dringlichkeit? Wenn ja, wenden Sie sich bitte direkt an den durchf\u00fchrenden Reiseveranstalter. Die Kontaktdaten finden Sie in der Buchungsbest\u00e4tigungs-E-Mail oder auf dem Gutschein\/Ticket, das Sie erhalten haben.<\/small><\/p>\n<\/div><\/div><\/div><\/div><\/div><\/p>","protected":false},"excerpt":{"rendered":"","protected":false},"author":1,"featured_media":5339,"parent":0,"menu_order":0,"comment_status":"closed","ping_status":"closed","template":"100-width.php","meta":{"footnotes":""},"class_list":["post-6949","page","type-page","status-publish","has-post-thumbnail","hentry"],"_links":{"self":[{"href":"https:\/\/klein-curacao.nl\/de\/wp-json\/wp\/v2\/pages\/6949","targetHints":{"allow":["GET"]}}],"collection":[{"href":"https:\/\/klein-curacao.nl\/de\/wp-json\/wp\/v2\/pages"}],"about":[{"href":"https:\/\/klein-curacao.nl\/de\/wp-json\/wp\/v2\/types\/page"}],"author":[{"embeddable":true,"href":"https:\/\/klein-curacao.nl\/de\/wp-json\/wp\/v2\/users\/1"}],"replies":[{"embeddable":true,"href":"https:\/\/klein-curacao.nl\/de\/wp-json\/wp\/v2\/comments?post=6949"}],"version-history":[{"count":1,"href":"https:\/\/klein-curacao.nl\/de\/wp-json\/wp\/v2\/pages\/6949\/revisions"}],"predecessor-version":[{"id":7820,"href":"https:\/\/klein-curacao.nl\/de\/wp-json\/wp\/v2\/pages\/6949\/revisions\/7820"}],"wp:featuredmedia":[{"embeddable":true,"href":"https:\/\/klein-curacao.nl\/de\/wp-json\/wp\/v2\/media\/5339"}],"wp:attachment":[{"href":"https:\/\/klein-curacao.nl\/de\/wp-json\/wp\/v2\/media?parent=6949"}],"curies":[{"name":"wp","href":"https:\/\/api.w.org\/{rel}","templated":true}]}}